{"id":146,"date":"2022-06-10T13:31:15","date_gmt":"2022-06-10T11:31:15","guid":{"rendered":"http:\/\/wordpress.manthei.org\/?page_id=146"},"modified":"2026-04-07T15:02:06","modified_gmt":"2026-04-07T15:02:06","slug":"unsere-ansprechpartner","status":"publish","type":"page","link":"https:\/\/schuetzen-corps-lehrte.de\/?page_id=146","title":{"rendered":"Unsere Ansprechpartner"},"content":{"rendered":"\n<div class=\"wp-block-columns is-layout-flex wp-container-core-columns-is-layout-9d6595d7 wp-block-columns-is-layout-flex\">\n<div class=\"wp-block-column is-layout-flow wp-block-column-is-layout-flow\">\n<div class=\"wp-block-media-text alignwide is-stacked-on-mobile\" style=\"grid-template-columns:37% auto\"><figure class=\"wp-block-media-text__media\"><img loading=\"lazy\" decoding=\"async\" width=\"100\" height=\"97\" src=\"https:\/\/schuetzen-corps-lehrte.de\/wp-content\/uploads\/2022\/06\/boy-pic-template.png\" alt=\"\" class=\"wp-image-527 size-full\"\/><\/figure><div class=\"wp-block-media-text__content\">\n<p class=\"has-small-font-size\"><strong>1.Vorsitzender<\/strong><br>Florian Reetz<br><a rel=\"noreferrer noopener\" href=\"mailto:1.vorsitzender@schuetzen-corps-lehrte.de\" target=\"_blank\">1.vorsitzender@schuetzen-corps-lehrte.de<\/a><\/p>\n<\/div><\/div>\n<\/div>\n\n\n\n<div class=\"wp-block-column is-layout-flow wp-block-column-is-layout-flow\">\n<div class=\"wp-block-media-text alignwide is-stacked-on-mobile\" style=\"grid-template-columns:37% auto\"><figure class=\"wp-block-media-text__media\"><img loading=\"lazy\" decoding=\"async\" width=\"100\" height=\"97\" src=\"https:\/\/schuetzen-corps-lehrte.de\/wp-content\/uploads\/2022\/06\/boy-pic-template.png\" alt=\"\" class=\"wp-image-527 size-full\"\/><\/figure><div class=\"wp-block-media-text__content\">\n<p class=\"has-text-align-left has-small-font-size\"><strong>2.Vorsitzender<\/strong><br>Oliver Barkus<br><a href=\"mailto:2.vorsitzender@schuetzen-corps-lehrte.de\" target=\"_blank\" rel=\"noreferrer noopener\">2.vorsitzender@schuetzen-corps-lehrte.de<\/a><\/p>\n<\/div><\/div>\n<\/div>\n<\/div>\n\n\n\n<div class=\"wp-block-columns is-layout-flex wp-container-core-columns-is-layout-9d6595d7 wp-block-columns-is-layout-flex\">\n<div class=\"wp-block-column is-layout-flow wp-block-column-is-layout-flow\">\n<div class=\"wp-block-media-text alignwide is-stacked-on-mobile\" style=\"grid-template-columns:38% auto\"><figure class=\"wp-block-media-text__media\"><img loading=\"lazy\" decoding=\"async\" width=\"100\" height=\"97\" src=\"https:\/\/schuetzen-corps-lehrte.de\/wp-content\/uploads\/2022\/06\/boy-pic-template.png\" alt=\"\" class=\"wp-image-527 size-full\"\/><\/figure><div class=\"wp-block-media-text__content\">\n<p class=\"has-small-font-size\"><strong>1.Schatzmeister<\/strong><br>Bj\u00f6rn Kuhlmann<br><a href=\"mailto:1.schatzmeister@schuetzen-corps-lehrte.de\" target=\"_blank\" rel=\"noreferrer noopener\">1.schatzmeister@schuetzen-corps-lehrte.de<\/a><\/p>\n<\/div><\/div>\n<\/div>\n\n\n\n<div class=\"wp-block-column is-layout-flow wp-block-column-is-layout-flow\">\n<div class=\"wp-block-media-text alignwide is-stacked-on-mobile\" style=\"grid-template-columns:38% auto\"><figure class=\"wp-block-media-text__media\"><img loading=\"lazy\" decoding=\"async\" width=\"100\" height=\"101\" src=\"https:\/\/schuetzen-corps-lehrte.de\/wp-content\/uploads\/2022\/06\/girl-pic-template.png\" alt=\"\" class=\"wp-image-528 size-full\"\/><\/figure><div class=\"wp-block-media-text__content\">\n<p class=\"has-small-font-size\"><strong>2.Schatzmeisterin<\/strong><br>Bianca Kuhlmann<br><a href=\"mailto:2.schatzmeister@schuetzen-corps-lehrte.de\" target=\"_blank\" rel=\"noreferrer noopener\">2.schatzmeister@schuetzen-corps-lehrte.de<\/a><\/p>\n<\/div><\/div>\n<\/div>\n<\/div>\n\n\n\n<div class=\"wp-block-columns is-layout-flex wp-container-core-columns-is-layout-9d6595d7 wp-block-columns-is-layout-flex\">\n<div class=\"wp-block-column is-layout-flow wp-block-column-is-layout-flow\">\n<div class=\"wp-block-media-text alignwide is-stacked-on-mobile\" style=\"grid-template-columns:38% auto\"><figure class=\"wp-block-media-text__media\"><img loading=\"lazy\" decoding=\"async\" width=\"100\" height=\"97\" src=\"https:\/\/schuetzen-corps-lehrte.de\/wp-content\/uploads\/2022\/06\/boy-pic-template.png\" alt=\"\" class=\"wp-image-527 size-full\"\/><\/figure><div class=\"wp-block-media-text__content\">\n<p class=\"has-small-font-size\"><strong>1.Schriftf\u00fchrer<\/strong><br>Tobias R\u00f6bber<br><a rel=\"noreferrer noopener\" href=\"mailto:1.schriftfuehrer@schuetzen-corps-lehrte.de\" target=\"_blank\">1.schriftfuehrer@schuetzen-corps-lehrte.de<\/a><\/p>\n<\/div><\/div>\n<\/div>\n\n\n\n<div class=\"wp-block-column is-layout-flow wp-block-column-is-layout-flow\">\n<div class=\"wp-block-media-text alignwide is-stacked-on-mobile\" style=\"grid-template-columns:38% auto\"><figure class=\"wp-block-media-text__media\"><img loading=\"lazy\" decoding=\"async\" width=\"100\" height=\"97\" src=\"https:\/\/schuetzen-corps-lehrte.de\/wp-content\/uploads\/2022\/06\/boy-pic-template.png\" alt=\"\" class=\"wp-image-527 size-full\"\/><\/figure><div class=\"wp-block-media-text__content\">\n<p class=\"has-small-font-size\"><strong>2.Schriftf\u00fchrer<\/strong><br>Uwe Brendes<br><a rel=\"noreferrer noopener\" href=\"mailto:2.schriftfuehrer@schuetzen-corps-lehrte.de\" target=\"_blank\">2.schriftfuehrer@schuetzen-corps-lehrte.de<\/a><\/p>\n<\/div><\/div>\n<\/div>\n<\/div>\n\n\n\n<div class=\"wp-block-columns is-layout-flex wp-container-core-columns-is-layout-9d6595d7 wp-block-columns-is-layout-flex\">\n<div class=\"wp-block-column is-layout-flow wp-block-column-is-layout-flow\">\n<div class=\"wp-block-media-text alignwide is-stacked-on-mobile\" style=\"grid-template-columns:38% auto\"><figure class=\"wp-block-media-text__media\"><img loading=\"lazy\" decoding=\"async\" width=\"100\" height=\"97\" src=\"https:\/\/schuetzen-corps-lehrte.de\/wp-content\/uploads\/2022\/06\/boy-pic-template.png\" alt=\"\" class=\"wp-image-527 size-full\"\/><\/figure><div class=\"wp-block-media-text__content\">\n<p class=\"has-small-font-size\"><strong>1.Schie\u00dfsportleiter<\/strong><br>Lars B\u00f6ttcher<br><a href=\"mailto:1.schiessportleiter@schuetzen-corps-lehrte.de\" target=\"_blank\" rel=\"noreferrer noopener\">1.schiessportleiter@schuetzen-corps-lehrte.de<\/a><\/p>\n<\/div><\/div>\n<\/div>\n\n\n\n<div class=\"wp-block-column is-layout-flow wp-block-column-is-layout-flow\">\n<div class=\"wp-block-media-text alignwide is-stacked-on-mobile\" style=\"grid-template-columns:38% auto\"><figure class=\"wp-block-media-text__media\"><img loading=\"lazy\" decoding=\"async\" width=\"100\" height=\"101\" src=\"https:\/\/schuetzen-corps-lehrte.de\/wp-content\/uploads\/2022\/06\/girl-pic-template.png\" alt=\"\" class=\"wp-image-528 size-full\"\/><\/figure><div class=\"wp-block-media-text__content\">\n<p class=\"has-small-font-size\"><strong>2.Schie\u00dfsportleiter<\/strong><br>Rabea Hansen<br><a href=\"mailto:2.schiessportleiter@schuetzen-corps-lehrte.de\" target=\"_blank\" rel=\"noreferrer noopener\">2.schiessportleiter@schuetzen-corps-lehrte.de<\/a><\/p>\n<\/div><\/div>\n<\/div>\n<\/div>\n\n\n\n<div class=\"wp-block-columns is-layout-flex wp-container-core-columns-is-layout-9d6595d7 wp-block-columns-is-layout-flex\">\n<div class=\"wp-block-column is-layout-flow wp-block-column-is-layout-flow\">\n<div class=\"wp-block-media-text alignwide is-stacked-on-mobile\" style=\"grid-template-columns:37% auto\"><figure class=\"wp-block-media-text__media\"><img loading=\"lazy\" decoding=\"async\" width=\"100\" height=\"101\" src=\"https:\/\/schuetzen-corps-lehrte.de\/wp-content\/uploads\/2022\/06\/girl-pic-template.png\" alt=\"\" class=\"wp-image-528 size-full\"\/><\/figure><div class=\"wp-block-media-text__content\">\n<p class=\"has-small-font-size\"><strong>Festleiterin<\/strong><br>Elke Rahe<br><a rel=\"noreferrer noopener\" href=\"mailto:festleiterin@schuetzen-corps-lehrte.de\" target=\"_blank\">festleiterin@schuetzen-corps-lehrte.de<\/a><\/p>\n<\/div><\/div>\n<\/div>\n\n\n\n<div class=\"wp-block-column is-layout-flow wp-block-column-is-layout-flow\">\n<div class=\"wp-block-media-text alignwide is-stacked-on-mobile\" style=\"grid-template-columns:38% auto\"><figure class=\"wp-block-media-text__media\"><img loading=\"lazy\" decoding=\"async\" width=\"100\" height=\"97\" src=\"https:\/\/schuetzen-corps-lehrte.de\/wp-content\/uploads\/2022\/06\/boy-pic-template.png\" alt=\"\" class=\"wp-image-527 size-full\"\/><\/figure><div class=\"wp-block-media-text__content\">\n<p class=\"has-small-font-size\"><strong>Jugendleiter<\/strong><br>Tobias Kaufmann<br><a rel=\"noreferrer noopener\" href=\"mailto:jugendleiter@schuetzen-corps-lehrte.de\" target=\"_blank\">jugendleiter@schuetzen-corps-lehrte.de<\/a><\/p>\n<\/div><\/div>\n<\/div>\n<\/div>\n\n\n\n<div class=\"wp-block-columns is-layout-flex wp-container-core-columns-is-layout-9d6595d7 wp-block-columns-is-layout-flex\">\n<div class=\"wp-block-column is-layout-flow wp-block-column-is-layout-flow\">\n<div class=\"wp-block-media-text alignwide is-stacked-on-mobile\" style=\"grid-template-columns:36% auto\"><figure class=\"wp-block-media-text__media\"><img loading=\"lazy\" decoding=\"async\" width=\"100\" height=\"101\" src=\"https:\/\/schuetzen-corps-lehrte.de\/wp-content\/uploads\/2022\/06\/girl-pic-template.png\" alt=\"\" class=\"wp-image-528 size-full\"\/><\/figure><div class=\"wp-block-media-text__content\">\n<p class=\"has-small-font-size\"><strong>Damenleiterin<\/strong><br>Angelika Claus<br><a href=\"mailto:damenleiterin@schuetzen-corps-lehrte.de\" target=\"_blank\" rel=\"noreferrer noopener\">damenleiterin@schuetzen-corps-lehrte.de<\/a><\/p>\n<\/div><\/div>\n<\/div>\n\n\n\n<div class=\"wp-block-column is-layout-flow wp-block-column-is-layout-flow\">\n<div class=\"wp-block-media-text alignwide is-stacked-on-mobile\" style=\"grid-template-columns:38% auto\"><figure class=\"wp-block-media-text__media\"><img loading=\"lazy\" decoding=\"async\" width=\"100\" height=\"97\" src=\"https:\/\/schuetzen-corps-lehrte.de\/wp-content\/uploads\/2022\/06\/boy-pic-template.png\" alt=\"\" class=\"wp-image-527 size-full\"\/><\/figure><div class=\"wp-block-media-text__content\">\n<p class=\"has-small-font-size\"><strong>Sch\u00fctzenleiter<\/strong><br>Juan Diaz Cordoba<br><a href=\"mailto:schuetzenleiter@schuetzen-corps-lehrte.de\" target=\"_blank\" rel=\"noreferrer noopener\">schuetzenleiter@schuetzen-corps-lehrte.de<\/a><\/p>\n<\/div><\/div>\n<\/div>\n<\/div>\n\n\n\n<div class=\"wp-block-columns is-layout-flex wp-container-core-columns-is-layout-9d6595d7 wp-block-columns-is-layout-flex\">\n<div class=\"wp-block-column is-layout-flow wp-block-column-is-layout-flow\">\n<div class=\"wp-block-media-text alignwide is-stacked-on-mobile\" style=\"grid-template-columns:37% auto\"><figure class=\"wp-block-media-text__media\"><img loading=\"lazy\" decoding=\"async\" width=\"100\" height=\"101\" src=\"https:\/\/schuetzen-corps-lehrte.de\/wp-content\/uploads\/2022\/06\/girl-pic-template.png\" alt=\"\" class=\"wp-image-528 size-full\"\/><\/figure><div class=\"wp-block-media-text__content\">\n<p class=\"has-small-font-size\"><strong>Bogensportleiterin<\/strong><br>Annegret Kensy<br><a href=\"mailto:anne.kensy@bogensport-lehrte.de\" target=\"_blank\" rel=\"noreferrer noopener\">anne.kensy@bogensport-lehrte.de<\/a><\/p>\n<\/div><\/div>\n<\/div>\n\n\n\n<div class=\"wp-block-column is-layout-flow wp-block-column-is-layout-flow\">\n<div class=\"wp-block-media-text alignwide is-stacked-on-mobile\" style=\"grid-template-columns:38% auto\"><figure class=\"wp-block-media-text__media\"><img loading=\"lazy\" decoding=\"async\" width=\"100\" height=\"97\" src=\"https:\/\/schuetzen-corps-lehrte.de\/wp-content\/uploads\/2022\/06\/boy-pic-template.png\" alt=\"\" class=\"wp-image-527 size-full\"\/><\/figure><div class=\"wp-block-media-text__content\">\n<p class=\"has-small-font-size\"><strong>Seniorenleiter<\/strong><br>Hermann Buchholz<br><a href=\"mailto:seniorenleiter@schuetzen-corps-lehrte.de\" target=\"_blank\" rel=\"noreferrer noopener\">seniorenleiter@schuetzen-corps-lehrte.de<\/a><\/p>\n<\/div><\/div>\n<\/div>\n<\/div>\n\n\n\n<div class=\"wp-block-columns is-layout-flex wp-container-core-columns-is-layout-9d6595d7 wp-block-columns-is-layout-flex\">\n<div class=\"wp-block-column is-layout-flow wp-block-column-is-layout-flow\">\n<div class=\"wp-block-media-text alignwide is-stacked-on-mobile\" style=\"grid-template-columns:38% auto\"><figure class=\"wp-block-media-text__media\"><img loading=\"lazy\" decoding=\"async\" width=\"100\" height=\"97\" src=\"https:\/\/schuetzen-corps-lehrte.de\/wp-content\/uploads\/2022\/06\/boy-pic-template.png\" alt=\"\" class=\"wp-image-527 size-full\"\/><\/figure><div class=\"wp-block-media-text__content\">\n<p class=\"has-small-font-size\"><strong>Musikzug-Leiter<\/strong><br>Sascha R\u00fcdiger<br><a href=\"mailto:mufz-leiter@schuetzen-corps-lehrte.de\" target=\"_blank\" rel=\"noreferrer noopener\">muz-leiter@schuetzen-corps-lehrte.de<\/a><\/p>\n<\/div><\/div>\n<\/div>\n\n\n\n<div class=\"wp-block-column is-layout-flow wp-block-column-is-layout-flow\">\n<div class=\"wp-block-media-text alignwide is-stacked-on-mobile\" style=\"grid-template-columns:38% auto\"><figure class=\"wp-block-media-text__media\"><img loading=\"lazy\" decoding=\"async\" width=\"100\" height=\"97\" src=\"https:\/\/schuetzen-corps-lehrte.de\/wp-content\/uploads\/2022\/06\/boy-pic-template.png\" alt=\"\" class=\"wp-image-527 size-full\"\/><\/figure><div class=\"wp-block-media-text__content\">\n<p class=\"has-small-font-size\"><strong>Spielmannszugsleiter<\/strong><br>Helge Schaubode<br><a href=\"mailto:helge@spielmannszug-sc-lehrte.de\">helge@spielmannszug-sc-lehrte.de<\/a><\/p>\n<\/div><\/div>\n<\/div>\n<\/div>\n","protected":false},"excerpt":{"rendered":"<p>1.VorsitzenderFlorian Reetz1.vorsitzender@schuetzen-corps-lehrte.de 2.VorsitzenderOliver Barkus2.vorsitzender@schuetzen-corps-lehrte.de 1.SchatzmeisterBj\u00f6rn Kuhlmann1.schatzmeister@schuetzen-corps-lehrte.de 2.SchatzmeisterinBianca Kuhlmann2.schatzmeister@schuetzen-corps-lehrte.de 1.Schriftf\u00fchrerTobias R\u00f6bber1.schriftfuehrer@schuetzen-corps-lehrte.de 2.Schriftf\u00fchrerUwe Brendes2.schriftfuehrer@schuetzen-corps-lehrte.de 1.Schie\u00dfsportleiterLars B\u00f6ttcher1.schiessportleiter@schuetzen-corps-lehrte.de 2.Schie\u00dfsportleiterRabea Hansen2.schiessportleiter@schuetzen-corps-lehrte.de FestleiterinElke Rahefestleiterin@schuetzen-corps-lehrte.de JugendleiterTobias Kaufmannjugendleiter@schuetzen-corps-lehrte.de DamenleiterinAngelika Clausdamenleiterin@schuetzen-corps-lehrte.de Sch\u00fctzenleiterJuan Diaz Cordobaschuetzenleiter@schuetzen-corps-lehrte.de BogensportleiterinAnnegret Kensyanne.kensy@bogensport-lehrte.de SeniorenleiterHermann Buchholzseniorenleiter@schuetzen-corps-lehrte.de Musikzug-LeiterSascha R\u00fcdigermuz-leiter@schuetzen-corps-lehrte.de SpielmannszugsleiterHelge Schaubodehelge@spielmannszug-sc-lehrte.de<\/p>\n","protected":false},"author":5,"featured_media":0,"parent":132,"menu_order":0,"comment_status":"closed","ping_status":"closed","template":"","meta":{"footnotes":""},"class_list":["post-146","page","type-page","status-publish","hentry"],"_links":{"self":[{"href":"https:\/\/schuetzen-corps-lehrte.de\/index.php?rest_route=\/wp\/v2\/pages\/146","targetHints":{"allow":["GET"]}}],"collection":[{"href":"https:\/\/schuetzen-corps-lehrte.de\/index.php?rest_route=\/wp\/v2\/pages"}],"about":[{"href":"https:\/\/schuetzen-corps-lehrte.de\/index.php?rest_route=\/wp\/v2\/types\/page"}],"author":[{"embeddable":true,"href":"https:\/\/schuetzen-corps-lehrte.de\/index.php?rest_route=\/wp\/v2\/users\/5"}],"replies":[{"embeddable":true,"href":"https:\/\/schuetzen-corps-lehrte.de\/index.php?rest_route=%2Fwp%2Fv2%2Fcomments&post=146"}],"version-history":[{"count":12,"href":"https:\/\/schuetzen-corps-lehrte.de\/index.php?rest_route=\/wp\/v2\/pages\/146\/revisions"}],"predecessor-version":[{"id":1123,"href":"https:\/\/schuetzen-corps-lehrte.de\/index.php?rest_route=\/wp\/v2\/pages\/146\/revisions\/1123"}],"up":[{"embeddable":true,"href":"https:\/\/schuetzen-corps-lehrte.de\/index.php?rest_route=\/wp\/v2\/pages\/132"}],"wp:attachment":[{"href":"https:\/\/schuetzen-corps-lehrte.de\/index.php?rest_route=%2Fwp%2Fv2%2Fmedia&parent=146"}],"curies":[{"name":"wp","href":"https:\/\/api.w.org\/{rel}","templated":true}]}}